{"id":12113,"date":"2023-11-13T14:18:24","date_gmt":"2023-11-13T14:18:24","guid":{"rendered":"https:\/\/www.design-plus.be\/fantastic-customers-an-unforgettable-evening\/"},"modified":"2023-11-13T15:10:10","modified_gmt":"2023-11-13T15:10:10","slug":"des-clients-fantastiques-une-soiree-inoubliable","status":"publish","type":"page","link":"https:\/\/www.design-plus.be\/fr\/des-clients-fantastiques-une-soiree-inoubliable\/","title":{"rendered":"Des clients fantastiques, une soir\u00e9e inoubliable"},"content":{"rendered":"<p>[et_pb_section fb_built=\u00a0\u00bb1&Prime; _builder_version=\u00a0\u00bb4.17.4&Prime; _module_preset=\u00a0\u00bbdefault\u00a0\u00bb background_color=\u00a0\u00bbgcid-864fba9c-747b-4408-9719-78c238d37ff1&Prime; min_height=\u00a0\u00bb100vh\u00a0\u00bb global_colors_info=\u00a0\u00bb{%22gcid-864fba9c-747b-4408-9719-78c238d37ff1%22:%91%22background_color%22%93}\u00a0\u00bb][et_pb_row _builder_version=\u00a0\u00bb4.17.4&Prime; _module_preset=\u00a0\u00bbdefault\u00a0\u00bb max_width=\u00a0\u00bb1920px\u00a0\u00bb custom_padding=\u00a0\u00bb0px|0px|0px|0px|true|true\u00a0\u00bb global_colors_info=\u00a0\u00bb{}\u00a0\u00bb][et_pb_column type=\u00a0\u00bb4_4&Prime; _builder_version=\u00a0\u00bb4.17.4&Prime; _module_preset=\u00a0\u00bbdefault\u00a0\u00bb global_colors_info=\u00a0\u00bb{}\u00a0\u00bb][dsm_image_carousel gallery_ids=\u00a0\u00bb11946,11955,11973,11685,11607&Prime; gallery_orderby=\u00a0\u00bbrand\u00a0\u00bb centered_slides=\u00a0\u00bbon\u00a0\u00bb slide_to_show=\u00a0\u00bb3&Prime; speed=\u00a0\u00bb2000&Prime; autoplay_speed=\u00a0\u00bb5000&Prime; space_between=\u00a0\u00bb70&Prime; arrows=\u00a0\u00bboff\u00a0\u00bb dots=\u00a0\u00bboff\u00a0\u00bb _builder_version=\u00a0\u00bb4.17.4&Prime; _module_preset=\u00a0\u00bbdefault\u00a0\u00bb custom_margin=\u00a0\u00bb100px||0px||false|false\u00a0\u00bb filter_opacity=\u00a0\u00bb70%\u00a0\u00bb global_colors_info=\u00a0\u00bb{}\u00a0\u00bb][\/dsm_image_carousel][\/et_pb_column][\/et_pb_row][et_pb_row _builder_version=\u00a0\u00bb4.17.4&Prime; _module_preset=\u00a0\u00bbdefault\u00a0\u00bb max_width=\u00a0\u00bb1920px\u00a0\u00bb custom_padding=\u00a0\u00bb0px|5vw|0px|5vw|true|true\u00a0\u00bb global_colors_info=\u00a0\u00bb{}\u00a0\u00bb][et_pb_column type=\u00a0\u00bb4_4&Prime; _builder_version=\u00a0\u00bb4.17.4&Prime; _module_preset=\u00a0\u00bbdefault\u00a0\u00bb global_colors_info=\u00a0\u00bb{}\u00a0\u00bb][et_pb_text _builder_version=\u00a0\u00bb4.17.4&Prime; _module_preset=\u00a0\u00bbdefault\u00a0\u00bb header_font=\u00a0\u00bb|700|||||||\u00a0\u00bb header_text_align=\u00a0\u00bbcenter\u00a0\u00bb header_text_color=\u00a0\u00bb#FFFFFF\u00a0\u00bb header_font_size=\u00a0\u00bb54px\u00a0\u00bb header_line_height=\u00a0\u00bb1.2em\u00a0\u00bb positioning=\u00a0\u00bbrelative\u00a0\u00bb vertical_offset=\u00a0\u00bb-259px\u00a0\u00bb hover_enabled=\u00a0\u00bb0&Prime; global_colors_info=\u00a0\u00bb{}\u00a0\u00bb vertical_offset_last_edited=\u00a0\u00bbon|phone\u00a0\u00bb sticky_enabled=\u00a0\u00bb0&Prime; vertical_offset_phone=\u00a0\u00bb0px\u00a0\u00bb header_font_size_last_edited=\u00a0\u00bbon|phone\u00a0\u00bb header_font_size_phone=\u00a0\u00bb40px\u00a0\u00bb custom_margin_last_edited=\u00a0\u00bbon|phone\u00a0\u00bb custom_margin_phone=\u00a0\u00bb30px||57px||false|false\u00a0\u00bb vertical_offset_tablet=\u00a0\u00bb-259px\u00a0\u00bb header_font_size_tablet=\u00a0\u00bb54px\u00a0\u00bb]<\/p>\n<h1>Des clients fantastiques,<br \/>une soir\u00e9e inoubliable!<\/h1>\n<p>[\/et_pb_text][et_pb_text _builder_version=\u00a0\u00bb4.17.4&Prime; _module_preset=\u00a0\u00bbdefault\u00a0\u00bb text_text_color=\u00a0\u00bb#FFFFFF\u00a0\u00bb text_font_size=\u00a0\u00bb18px\u00a0\u00bb text_line_height=\u00a0\u00bb1.6em\u00a0\u00bb max_width=\u00a0\u00bb600px\u00a0\u00bb module_alignment=\u00a0\u00bbcenter\u00a0\u00bb custom_margin=\u00a0\u00bb-40px||||false|false\u00a0\u00bb custom_padding=\u00a0\u00bb0px||150px||false|false\u00a0\u00bb global_colors_info=\u00a0\u00bb{}\u00a0\u00bb]<\/p>\n<p>Le 12 octobre dernier, nous avons fi\u00e8rement f\u00eat\u00e9 nos 6 ann\u00e9es d\u2019innovation en d\u00e9voilant nos tout nouveaux bureaux. Notre soir\u00e9e a r\u00e9uni nos pr\u00e9cieux partenaires et clients dans une ambiance futuriste, marquant une \u00e9tape importante dans notre parcours. L\u2019occasion id\u00e9ale pour pr\u00e9senter notre \u00e9quipe et nos nouveaux espaces de travail. Un immense remerciement \u00e0 toutes les personnes qui ont contribu\u00e9 \u00e0 faire de cette soir\u00e9e un moment m\u00e9morable.<\/p>\n<p>Restez connect\u00e9s, car de passionnantes nouveaut\u00e9s sont \u00e0 venir !<\/p>\n<p>[\/et_pb_text][et_pb_image src=\u00a0\u00bbhttps:\/\/www.design-plus.be\/wp-content\/uploads\/2023\/11\/pink-wave.svg\u00a0\u00bb title_text=\u00a0\u00bbpink-wave\u00a0\u00bb _builder_version=\u00a0\u00bb4.17.4&Prime; _module_preset=\u00a0\u00bbdefault\u00a0\u00bb positioning=\u00a0\u00bbabsolute\u00a0\u00bb vertical_offset=\u00a0\u00bb224px\u00a0\u00bb horizontal_offset=\u00a0\u00bb-74px\u00a0\u00bb width=\u00a0\u00bb400px\u00a0\u00bb hover_enabled=\u00a0\u00bb0&Prime; global_colors_info=\u00a0\u00bb{}\u00a0\u00bb disabled_on=\u00a0\u00bbon|on|off\u00a0\u00bb sticky_enabled=\u00a0\u00bb0&Prime;][\/et_pb_image][dsm_masonry_gallery gallery_ids=\u00a0\u00bb12090,12087,12084,12081,12078,12075,12072,12069,12066,12063,12060,12057,12054,12051,12048,12045,12042,12039,12036,12033,12030,12027,12024,12021,12018,12015,12012,12009,12006,12003,12000,11997,11994,11991,11988,11985,11982,11979,11976,11973,11970,11967,11964,11961,11958,11955,11952,11949,11946,11943,11940,11937,11934,11931,11928,11925,11922,11919,11916,11913,11910,11907,11904,11901,11898,11895,11892,11889,11886,11883,11880,11877,11874,11871,11868,11865,11862,11859,11856,11853,11850,11847,11844,11841,11838,11835,11832,11829,11826,11823,11820,11817,11814,11811,11808,11805,11802,11799,11796,11793,11790,11787,11784,11781,11778,11775,11772,11769,11766,11763,11760,11757,11754,11751,11748,11745,11742,11739,11736,11733,11730,11727,11724,11721,11718,11715,11712,11709,11706,11703,11700,11697,11694,11691,11688,11685,11682,11679,11676,11673,11670,11667,11664,11661,11658,11655,11652,11649,11646,11643,11640,11637,11634,11631,11628,11625,11622,11619,11616,11613,11610,11607,11604,11601,11598,11595,11592,11589,11586,11583,11580,11577,11574,11571,11568,11565,11562,11559,11556,11553,11550,11547,11544,11541,11538,11535,11532,11529,11526,11523,11520,11517,11514,11511,11508,11505,11502,11499,11496,11493,11490,11487,11484,11481,11478,11475,11472,11469,11466,11463,11460,11457,11454,11451,11448,11445,11442,11439,11436,11433,11430,11427,11424,11421,11418,11415,11412,11409,11406,11403,11400,11397,11394,11391,11388,11385,11382,11379,11376,11373,11370,11367,11364,11361,11358,11355,11352,11349,11346,11343,11340,11337,11334,11331,11328,11325,11322,11319,11316,11313,11310,11307,11304,11301,11298,11295,11270,11267,11264,11261,11258,11255,11252,11249&Prime; columns=\u00a0\u00bb5&Prime; use_lightbox=\u00a0\u00bbon\u00a0\u00bb use_zoom_on_hover=\u00a0\u00bbon\u00a0\u00bb _builder_version=\u00a0\u00bb4.17.4&Prime; _module_preset=\u00a0\u00bbdefault\u00a0\u00bb hover_enabled=\u00a0\u00bb0&Prime; global_colors_info=\u00a0\u00bb{}\u00a0\u00bb columns_last_edited=\u00a0\u00bbon|phone\u00a0\u00bb sticky_enabled=\u00a0\u00bb0&Prime; columns_phone=\u00a0\u00bb3&Prime; columns_tablet=\u00a0\u00bb5&Prime;][\/dsm_masonry_gallery][\/et_pb_column][\/et_pb_row][\/et_pb_section]<\/p>\n","protected":false},"excerpt":{"rendered":"<p><div class=\"et_pb_module dsm_image_carousel dsm_image_carousel_0  dsm_image_carousel_arrow_outside dsm_image_carousel_arrow_mobile_inside \">\n\t\t\t\t\n\t\t\t\t\n\t\t\t\t\n\t\t\t\t\n\t\t\t\t\n\t\t\t\t\n\t\t\t\t<div class=\"et_pb_module_inner\">\n\t\t\t\t\t<div class=\"swiper-container dsm_image_carousel_container\" dir=\"ltr\" data-params=[{\"effect\":\"default\",\"slider_effect_shadows\":false,\"slider_effect_coverflow_rotate\":\"30\",\"slider_effect_coverflow_depth\":\"0\",\"loop\":true,\"slide_to_show\":\"3\",\"slide_to_show_tablet\":\"1\",\"slide_to_show_phone\":\"1\",\"slide_to_scroll\":\"1\",\"slide_to_scroll_tablet\":\"1\",\"slide_to_scroll_phone\":\"1\",\"space_between\":\"70\",\"space_between_tablet\":\"70\",\"space_between_phone\":\"70\",\"slide_row\":\"1\",\"centered_slides\":true,\"speed\":\"2000\",\"autoplay\":true,\"autoplay_speed\":\"5000\",\"touch_move\":true,\"grab\":true,\"pause_on_hover\":false,\"show_lightbox\":false,\"lightbox_gallery\":\"false\",\"lightbox_caption\":\"false\",\"infinite_scrolling\":\"false\"}]><div class=\"swiper-wrapper\"><div class=\"swiper-slide dsm_image_carousel_item\"><img loading=\"lazy\" decoding=\"async\" src=\"https:\/\/www.design-plus.be\/wp-content\/uploads\/2023\/11\/I3A5068.jpg\" alt=\"\" title=\"_I3A5068\" width=\"1000\" height=\"800\" data-dsm-image-description=\"\" srcset=\"https:\/\/www.design-plus.be\/wp-content\/uploads\/2023\/11\/I3A5068.jpg 1000w, https:\/\/www.design-plus.be\/wp-content\/uploads\/2023\/11\/I3A5068-980x784.jpg 980w, https:\/\/www.design-plus.be\/wp-content\/uploads\/2023\/11\/I3A5068-480x384.jpg 480w\" sizes=\"auto, (min-width: 0px) and (max-width: 480px) 480px, (min-width: 481px) and (max-width: 980px) 980px, (min-width: 981px) 1000px, 100vw\" class=\"swiper-lazy\" \/><\/div><div class=\"swiper-slide dsm_image_carousel_item\"><img loading=\"lazy\" decoding=\"async\" src=\"https:\/\/www.design-plus.be\/wp-content\/uploads\/2023\/11\/I3A5158.jpg\" alt=\"\" title=\"_I3A5158\" width=\"1000\" height=\"800\" data-dsm-image-description=\"\" srcset=\"https:\/\/www.design-plus.be\/wp-content\/uploads\/2023\/11\/I3A5158.jpg 1000w, https:\/\/www.design-plus.be\/wp-content\/uploads\/2023\/11\/I3A5158-980x784.jpg 980w, https:\/\/www.design-plus.be\/wp-content\/uploads\/2023\/11\/I3A5158-480x384.jpg 480w\" sizes=\"auto, (min-width: 0px) and (max-width: 480px) 480px, (min-width: 481px) and (max-width: 980px) 980px, (min-width: 981px) 1000px, 100vw\" class=\"swiper-lazy\" \/><\/div><div class=\"swiper-slide dsm_image_carousel_item\"><img loading=\"lazy\" decoding=\"async\" src=\"https:\/\/www.design-plus.be\/wp-content\/uploads\/2023\/11\/I3A5652.jpg\" alt=\"\" title=\"_I3A5652\" width=\"1000\" height=\"800\" data-dsm-image-description=\"\" srcset=\"https:\/\/www.design-plus.be\/wp-content\/uploads\/2023\/11\/I3A5652.jpg 1000w, https:\/\/www.design-plus.be\/wp-content\/uploads\/2023\/11\/I3A5652-980x784.jpg 980w, https:\/\/www.design-plus.be\/wp-content\/uploads\/2023\/11\/I3A5652-480x384.jpg 480w\" sizes=\"auto, (min-width: 0px) and (max-width: 480px) 480px, (min-width: 481px) and (max-width: 980px) 980px, (min-width: 981px) 1000px, 100vw\" class=\"swiper-lazy\" \/><\/div><div class=\"swiper-slide dsm_image_carousel_item\"><img loading=\"lazy\" decoding=\"async\" src=\"https:\/\/www.design-plus.be\/wp-content\/uploads\/2023\/11\/I3A5698.jpg\" alt=\"\" title=\"_I3A5698\" width=\"1000\" height=\"800\" data-dsm-image-description=\"\" srcset=\"https:\/\/www.design-plus.be\/wp-content\/uploads\/2023\/11\/I3A5698.jpg 1000w, https:\/\/www.design-plus.be\/wp-content\/uploads\/2023\/11\/I3A5698-980x784.jpg 980w, https:\/\/www.design-plus.be\/wp-content\/uploads\/2023\/11\/I3A5698-480x384.jpg 480w\" sizes=\"auto, (min-width: 0px) and (max-width: 480px) 480px, (min-width: 481px) and (max-width: 980px) 980px, (min-width: 981px) 1000px, 100vw\" class=\"swiper-lazy\" \/><\/div><div class=\"swiper-slide dsm_image_carousel_item\"><img loading=\"lazy\" decoding=\"async\" src=\"https:\/\/www.design-plus.be\/wp-content\/uploads\/2023\/11\/I3A5622.jpg\" alt=\"\" title=\"_I3A5622\" width=\"1000\" height=\"800\" data-dsm-image-description=\"\" srcset=\"https:\/\/www.design-plus.be\/wp-content\/uploads\/2023\/11\/I3A5622.jpg 1000w, https:\/\/www.design-plus.be\/wp-content\/uploads\/2023\/11\/I3A5622-980x784.jpg 980w, https:\/\/www.design-plus.be\/wp-content\/uploads\/2023\/11\/I3A5622-480x384.jpg 480w\" sizes=\"auto, (min-width: 0px) and (max-width: 480px) 480px, (min-width: 481px) and (max-width: 980px) 980px, (min-width: 981px) 1000px, 100vw\" class=\"swiper-lazy\" \/><\/div><\/div><\/div>\n\t\t\t\t<\/div>\n\t\t\t<\/div>Des clients fantastiques,une soir\u00e9e inoubliable!Le 12 octobre dernier, nous avons fi\u00e8rement f\u00eat\u00e9 nos 6 ann\u00e9es d\u2019innovation en d\u00e9voilant nos tout nouveaux bureaux. Notre soir\u00e9e a r\u00e9uni nos pr\u00e9cieux partenaires et clients dans une ambiance futuriste, marquant une \u00e9tape importante dans notre [&hellip;]<\/p>\n","protected":false},"author":1,"featured_media":0,"parent":0,"menu_order":0,"comment_status":"closed","ping_status":"closed","template":"","meta":{"_acf_changed":false,"_seopress_robots_primary_cat":"","_seopress_titles_title":"","_seopress_titles_desc":"","_seopress_robots_index":"","_et_pb_use_builder":"on","_et_pb_old_content":"","_et_gb_content_width":"","footnotes":""},"class_list":["post-12113","page","type-page","status-publish","hentry"],"acf":[],"yoast_head":"<!-- This site is optimized with the Yoast SEO plugin v26.8 - https:\/\/yoast.com\/product\/yoast-seo-wordpress\/ -->\n<title>Des clients fantastiques, une soir\u00e9e inoubliable - Design Plus<\/title>\n<meta name=\"robots\" content=\"index, follow, max-snippet:-1, max-image-preview:large, max-video-preview:-1\" \/>\n<link rel=\"canonical\" href=\"https:\/\/www.design-plus.be\/fr\/des-clients-fantastiques-une-soiree-inoubliable\/\" \/>\n<meta property=\"og:locale\" content=\"fr_FR\" \/>\n<meta property=\"og:type\" content=\"article\" \/>\n<meta property=\"og:title\" content=\"Des clients fantastiques, une soir\u00e9e inoubliable - Design Plus\" \/>\n<meta property=\"og:description\" content=\"Des clients fantastiques,une soir\u00e9e inoubliable!Le 12 octobre dernier, nous avons fi\u00e8rement f\u00eat\u00e9 nos 6 ann\u00e9es d\u2019innovation en d\u00e9voilant nos tout nouveaux bureaux. Notre soir\u00e9e a r\u00e9uni nos pr\u00e9cieux partenaires et clients dans une ambiance futuriste, marquant une \u00e9tape importante dans notre [&hellip;]\" \/>\n<meta property=\"og:url\" content=\"https:\/\/www.design-plus.be\/fr\/des-clients-fantastiques-une-soiree-inoubliable\/\" \/>\n<meta property=\"og:site_name\" content=\"Design Plus\" \/>\n<meta property=\"article:publisher\" content=\"https:\/\/www.facebook.com\/DesignPlusBelgium\" \/>\n<meta property=\"article:modified_time\" content=\"2023-11-13T15:10:10+00:00\" \/>\n<meta name=\"twitter:card\" content=\"summary_large_image\" \/>\n<meta name=\"twitter:label1\" content=\"Dur\u00e9e de lecture estim\u00e9e\" \/>\n\t<meta name=\"twitter:data1\" content=\"1 minute\" \/>\n<script type=\"application\/ld+json\" class=\"yoast-schema-graph\">{\"@context\":\"https:\/\/schema.org\",\"@graph\":[{\"@type\":\"WebPage\",\"@id\":\"https:\/\/www.design-plus.be\/fr\/des-clients-fantastiques-une-soiree-inoubliable\/\",\"url\":\"https:\/\/www.design-plus.be\/fr\/des-clients-fantastiques-une-soiree-inoubliable\/\",\"name\":\"Des clients fantastiques, une soir\u00e9e inoubliable - Design Plus\",\"isPartOf\":{\"@id\":\"https:\/\/www.design-plus.be\/#website\"},\"datePublished\":\"2023-11-13T14:18:24+00:00\",\"dateModified\":\"2023-11-13T15:10:10+00:00\",\"breadcrumb\":{\"@id\":\"https:\/\/www.design-plus.be\/fr\/des-clients-fantastiques-une-soiree-inoubliable\/#breadcrumb\"},\"inLanguage\":\"fr-FR\",\"potentialAction\":[{\"@type\":\"ReadAction\",\"target\":[\"https:\/\/www.design-plus.be\/fr\/des-clients-fantastiques-une-soiree-inoubliable\/\"]}]},{\"@type\":\"BreadcrumbList\",\"@id\":\"https:\/\/www.design-plus.be\/fr\/des-clients-fantastiques-une-soiree-inoubliable\/#breadcrumb\",\"itemListElement\":[{\"@type\":\"ListItem\",\"position\":1,\"name\":\"Home\",\"item\":\"https:\/\/www.design-plus.be\/fr\/\"},{\"@type\":\"ListItem\",\"position\":2,\"name\":\"Des clients fantastiques, une soir\u00e9e inoubliable\"}]},{\"@type\":\"WebSite\",\"@id\":\"https:\/\/www.design-plus.be\/#website\",\"url\":\"https:\/\/www.design-plus.be\/\",\"name\":\"Design Plus\",\"description\":\"Am\u00e9nagement de Bureaux Design &amp; Build\",\"publisher\":{\"@id\":\"https:\/\/www.design-plus.be\/#organization\"},\"potentialAction\":[{\"@type\":\"SearchAction\",\"target\":{\"@type\":\"EntryPoint\",\"urlTemplate\":\"https:\/\/www.design-plus.be\/?s={search_term_string}\"},\"query-input\":{\"@type\":\"PropertyValueSpecification\",\"valueRequired\":true,\"valueName\":\"search_term_string\"}}],\"inLanguage\":\"fr-FR\"},{\"@type\":\"Organization\",\"@id\":\"https:\/\/www.design-plus.be\/#organization\",\"name\":\"Design Plus\",\"url\":\"https:\/\/www.design-plus.be\/\",\"logo\":{\"@type\":\"ImageObject\",\"inLanguage\":\"fr-FR\",\"@id\":\"https:\/\/www.design-plus.be\/#\/schema\/logo\/image\/\",\"url\":\"https:\/\/www.design-plus.be\/wp-content\/uploads\/2020\/05\/logo-d.jpg\",\"contentUrl\":\"https:\/\/www.design-plus.be\/wp-content\/uploads\/2020\/05\/logo-d.jpg\",\"width\":600,\"height\":300,\"caption\":\"Design Plus\"},\"image\":{\"@id\":\"https:\/\/www.design-plus.be\/#\/schema\/logo\/image\/\"},\"sameAs\":[\"https:\/\/www.facebook.com\/DesignPlusBelgium\",\"https:\/\/www.linkedin.com\/company\/designplusbrussels\/about\/\"]}]}<\/script>\n<!-- \/ Yoast SEO plugin. -->","yoast_head_json":{"title":"Des clients fantastiques, une soir\u00e9e inoubliable - Design Plus","robots":{"index":"index","follow":"follow","max-snippet":"max-snippet:-1","max-image-preview":"max-image-preview:large","max-video-preview":"max-video-preview:-1"},"canonical":"https:\/\/www.design-plus.be\/fr\/des-clients-fantastiques-une-soiree-inoubliable\/","og_locale":"fr_FR","og_type":"article","og_title":"Des clients fantastiques, une soir\u00e9e inoubliable - Design Plus","og_description":"Des clients fantastiques,une soir\u00e9e inoubliable!Le 12 octobre dernier, nous avons fi\u00e8rement f\u00eat\u00e9 nos 6 ann\u00e9es d\u2019innovation en d\u00e9voilant nos tout nouveaux bureaux. Notre soir\u00e9e a r\u00e9uni nos pr\u00e9cieux partenaires et clients dans une ambiance futuriste, marquant une \u00e9tape importante dans notre [&hellip;]","og_url":"https:\/\/www.design-plus.be\/fr\/des-clients-fantastiques-une-soiree-inoubliable\/","og_site_name":"Design Plus","article_publisher":"https:\/\/www.facebook.com\/DesignPlusBelgium","article_modified_time":"2023-11-13T15:10:10+00:00","twitter_card":"summary_large_image","twitter_misc":{"Dur\u00e9e de lecture estim\u00e9e":"1 minute"},"schema":{"@context":"https:\/\/schema.org","@graph":[{"@type":"WebPage","@id":"https:\/\/www.design-plus.be\/fr\/des-clients-fantastiques-une-soiree-inoubliable\/","url":"https:\/\/www.design-plus.be\/fr\/des-clients-fantastiques-une-soiree-inoubliable\/","name":"Des clients fantastiques, une soir\u00e9e inoubliable - Design Plus","isPartOf":{"@id":"https:\/\/www.design-plus.be\/#website"},"datePublished":"2023-11-13T14:18:24+00:00","dateModified":"2023-11-13T15:10:10+00:00","breadcrumb":{"@id":"https:\/\/www.design-plus.be\/fr\/des-clients-fantastiques-une-soiree-inoubliable\/#breadcrumb"},"inLanguage":"fr-FR","potentialAction":[{"@type":"ReadAction","target":["https:\/\/www.design-plus.be\/fr\/des-clients-fantastiques-une-soiree-inoubliable\/"]}]},{"@type":"BreadcrumbList","@id":"https:\/\/www.design-plus.be\/fr\/des-clients-fantastiques-une-soiree-inoubliable\/#breadcrumb","itemListElement":[{"@type":"ListItem","position":1,"name":"Home","item":"https:\/\/www.design-plus.be\/fr\/"},{"@type":"ListItem","position":2,"name":"Des clients fantastiques, une soir\u00e9e inoubliable"}]},{"@type":"WebSite","@id":"https:\/\/www.design-plus.be\/#website","url":"https:\/\/www.design-plus.be\/","name":"Design Plus","description":"Am\u00e9nagement de Bureaux Design &amp; Build","publisher":{"@id":"https:\/\/www.design-plus.be\/#organization"},"potentialAction":[{"@type":"SearchAction","target":{"@type":"EntryPoint","urlTemplate":"https:\/\/www.design-plus.be\/?s={search_term_string}"},"query-input":{"@type":"PropertyValueSpecification","valueRequired":true,"valueName":"search_term_string"}}],"inLanguage":"fr-FR"},{"@type":"Organization","@id":"https:\/\/www.design-plus.be\/#organization","name":"Design Plus","url":"https:\/\/www.design-plus.be\/","logo":{"@type":"ImageObject","inLanguage":"fr-FR","@id":"https:\/\/www.design-plus.be\/#\/schema\/logo\/image\/","url":"https:\/\/www.design-plus.be\/wp-content\/uploads\/2020\/05\/logo-d.jpg","contentUrl":"https:\/\/www.design-plus.be\/wp-content\/uploads\/2020\/05\/logo-d.jpg","width":600,"height":300,"caption":"Design Plus"},"image":{"@id":"https:\/\/www.design-plus.be\/#\/schema\/logo\/image\/"},"sameAs":["https:\/\/www.facebook.com\/DesignPlusBelgium","https:\/\/www.linkedin.com\/company\/designplusbrussels\/about\/"]}]}},"rttpg_featured_image_url":null,"rttpg_author":{"display_name":"Victoria","author_link":"https:\/\/www.design-plus.be\/fr\/author\/victoria\/"},"rttpg_comment":0,"rttpg_category":" <a href=\"https:\/\/www.design-plus.be\/fr\/?taxonomy=translation_priority&#038;term=facultatif\" rel=\"tag\">Facultatif<\/a>","rttpg_excerpt":"[dsm_image_carousel gallery_ids=\"11946,11955,11973,11685,11607\" gallery_orderby=\"rand\" centered_slides=\"on\" slide_to_show=\"3\" speed=\"2000\" autoplay_speed=\"5000\" space_between=\"70\" arrows=\"off\" dots=\"off\" _builder_version=\"4.17.4\" _module_preset=\"default\" custom_margin=\"100px||0px||false|false\" filter_opacity=\"70%\" global_colors_info=\"{}\"][\/dsm_image_carousel]Des clients fantastiques,une soir\u00e9e inoubliable!Le 12 octobre dernier, nous avons fi\u00e8rement f\u00eat\u00e9 nos 6 ann\u00e9es d\u2019innovation en d\u00e9voilant nos tout nouveaux bureaux. Notre soir\u00e9e a r\u00e9uni nos pr\u00e9cieux partenaires et clients dans une ambiance futuriste, marquant une \u00e9tape importante dans notre\u2026","_links":{"self":[{"href":"https:\/\/www.design-plus.be\/fr\/wp-json\/wp\/v2\/pages\/12113","targetHints":{"allow":["GET"]}}],"collection":[{"href":"https:\/\/www.design-plus.be\/fr\/wp-json\/wp\/v2\/pages"}],"about":[{"href":"https:\/\/www.design-plus.be\/fr\/wp-json\/wp\/v2\/types\/page"}],"author":[{"embeddable":true,"href":"https:\/\/www.design-plus.be\/fr\/wp-json\/wp\/v2\/users\/1"}],"replies":[{"embeddable":true,"href":"https:\/\/www.design-plus.be\/fr\/wp-json\/wp\/v2\/comments?post=12113"}],"version-history":[{"count":5,"href":"https:\/\/www.design-plus.be\/fr\/wp-json\/wp\/v2\/pages\/12113\/revisions"}],"predecessor-version":[{"id":12129,"href":"https:\/\/www.design-plus.be\/fr\/wp-json\/wp\/v2\/pages\/12113\/revisions\/12129"}],"wp:attachment":[{"href":"https:\/\/www.design-plus.be\/fr\/wp-json\/wp\/v2\/media?parent=12113"}],"curies":[{"name":"wp","href":"https:\/\/api.w.org\/{rel}","templated":true}]}}